{"id":1037,"date":"2023-03-04T19:52:47","date_gmt":"2023-03-04T19:52:47","guid":{"rendered":"https:\/\/caersws.powys.sch.uk\/?page_id=1037"},"modified":"2023-03-24T17:20:17","modified_gmt":"2023-03-24T17:20:17","slug":"attendance","status":"publish","type":"page","link":"https:\/\/caersws.powys.sch.uk\/cy\/attendance\/","title":{"rendered":"Presenoldeb"},"content":{"rendered":"<p>Fel ysgol, gwelwn bwysigrwydd presenoldeb da yn yr ysgol. Mae presenoldeb da yn yr ysgol yn helpu cyfleoedd bywyd plant trwy ddatblygu arferion iach, gwella cynnydd a graddau, ac yn gyffredinol rhoi gwell cyfle iddynt gyflawni eu potensial llawn. Mae dysgwyr sydd \u00e2 phresenoldeb rhagorol hefyd yn teimlo&#039;n fwy cysylltiedig \u00e2&#039;u cyfoedion, yn datblygu medrau cymdeithasol a chyfeillgarwch pwysig ac yn y tymor hwy yn sylweddol fwy tebygol o wneud cynnydd cryf, ennill cymwysterau rhagorol a&#039;r medrau sy&#039;n barod ar gyfer byd gwaith. Mae annog a sicrhau bod eich plentyn \/ plant yn mynychu\u2019r ysgol yn rheolaidd yn un o\u2019r ffyrdd mwyaf pwerus y gallwch eu cefnogi. &nbsp;<\/p>\n\n\n\n<p>Mae ymchwil uchel ei barch yn dangos yn glir effaith presenoldeb cryf ar gyfleoedd bywyd eich plentyn\/plant:<\/p>\n\n\n\n<figure class=\"wp-block-table\"><table><tbody><tr><td><strong>Presenoldeb<\/strong><\/td><td><strong>Canlyniad ac Effaith<\/strong><\/td><\/tr><tr><td>95 \u2013 100%<\/td><td>Cyfle gorau o lwyddiant. Mae eich plentyn yn cymryd mantais lawn o bob cyfle dysgu. 73% siawns o ennill pump neu fwy TGAU neu raddau cyfwerth ag A* - C.<br><\/td><\/tr><tr><td>90 &#8211; 95%<\/td><td>Colli o leiaf 2 wythnos o ddysgu. Boddhaol. Efallai y bydd yn rhaid i&#039;ch plentyn dreulio amser yn dal i fyny \u00e2 gwaith. Gostyngiad o un radd ym mhob pwnc TGAU (neu gyfwerth) a astudir.<br><\/td><\/tr><tr><td>85 \u2013 90%<\/td><td>Colli o leiaf 4 wythnos o ddysgu. Gall eich plentyn fod mewn perygl o dangyflawni ac efallai y bydd angen cymorth ychwanegol arnoch chi i ddal i fyny \u00e2 gwaith. Dim ond 35% o ddysgwyr fydd yn ennill pump neu fwy o raddau A* - C mewn TGAU neu gyfwerth.<br><\/td><\/tr><tr><td>80 \u2013 85%<\/td><td>Colli o leiaf 5 \u00bd wythnos o ddysgu. Mae presenoldeb gwael eich plentyn yn cael effaith sylweddol ar ddysgu.<br><\/td><\/tr><tr><td>Isod 80% presenoldeb<\/td><td>Colli o leiaf 7 \u00bd wythnos o ddysgu. Mae eich plentyn yn colli allan ar addysg eang a chytbwys. Rydych mewn perygl o gael eich erlyn.<br><\/td><\/tr><\/tbody><\/table><\/figure>\n\n\n\n<p>Fel ysgol rydym wedi trafod ein targed presenoldeb ar gyfer 2022\/23 gyda llywodraethwyr yr ysgol, staff a\u2019n Swyddog Lles Addysg ac wedi gosod ein targed dyheadol ar 95.5%. Gan gydweithio, rydym yn hyderus y gallwn gyflawni hyn. Os oes gennych unrhyw bryderon yngl\u0177n \u00e2 phresenoldeb eich plentyn, cysylltwch \u00e2 ni fel ysgol fel y gallwn gydweithio i gyflawni\u2019r gorau i\u2019n holl ddysgwyr. Sicrhewch eich bod yn rhoi gwybod i ni ar unwaith am unrhyw ddiffyg presenoldeb os yw eich plentyn yn s\u00e2l. Mae prydlondeb i&#039;r ysgol a gwersi hefyd yn bwysig iawn ac yn gosod arferion da ar gyfer bywyd gwaith yn y dyfodol.&nbsp;<\/p>\n\n\n\n<p>Cofiwch:<\/p>\n\n\n\n<ul class=\"wp-block-list\">\n<li>mae\u2019n ddyletswydd ar rieni i anfon eu plentyn i\u2019r ysgol yn rheolaidd,<\/li>\n\n\n\n<li>cyfrifoldeb yr ysgolion i gofnodi presenoldeb ac absenoldeb dilynol, a<\/li>\n\n\n\n<li>cyfrifoldeb yr awdurdod lleol i ddarparu llwybr presenoldeb clir i bob ysgol a defnyddio sancsiynau cyfreithiol, gan gynnwys hysbysiadau cosb ac erlyn yn y llys.<\/li>\n<\/ul>","protected":false},"excerpt":{"rendered":"<p>Fel ysgol, gwelwn bwysigrwydd presenoldeb da yn yr ysgol. Mae presenoldeb da yn yr ysgol yn helpu cyfleoedd bywyd plant trwy ddatblygu arferion iach, gwella cynnydd a graddau, ac yn gyffredinol rhoi gwell cyfle iddynt gyflawni eu potensial llawn. Mae dysgwyr sydd \u00e2 phresenoldeb rhagorol hefyd yn teimlo&#039;n fwy cysylltiedig \u00e2&#039;u cyfoedion, yn datblygu cymdeithasol pwysig\u2026  <a class=\"excerpt-read-more\" href=\"https:\/\/caersws.powys.sch.uk\/cy\/attendance\/\" title=\"Darllen Presenoldeb\">Darllen mwy &quot;<\/a><\/p>","protected":false},"author":8,"featured_media":1038,"parent":0,"menu_order":0,"comment_status":"closed","ping_status":"closed","template":"","meta":{"_acf_changed":false,"footnotes":""},"class_list":["post-1037","page","type-page","status-publish","has-post-thumbnail","hentry"],"acf":[],"yoast_head":"<!-- This site is optimized with the Yoast SEO plugin v27.4 - https:\/\/yoast.com\/product\/yoast-seo-wordpress\/ -->\n<title>Attendance - Ysgol Caersws C.P. School<\/title>\n<meta name=\"robots\" content=\"index, follow, max-snippet:-1, max-image-preview:large, max-video-preview:-1\" \/>\n<link rel=\"canonical\" href=\"http:\/\/caersws.powys.sch.uk\/cy\/attendance\/\" \/>\n<meta property=\"og:locale\" content=\"en_US\" \/>\n<meta property=\"og:type\" content=\"article\" \/>\n<meta property=\"og:title\" content=\"Attendance - Ysgol Caersws C.P. School\" \/>\n<meta property=\"og:description\" content=\"As a school, we see the importance of good school attendance. Good school attendance helps the life chances of children by developing healthy habits, improving progress and grades, and overall giving them a better chance of achieving their full potential. Learners that have excellent attendance also feel more connected to their peers, develop important social... Read more &raquo;\" \/>\n<meta property=\"og:url\" content=\"http:\/\/caersws.powys.sch.uk\/cy\/attendance\/\" \/>\n<meta property=\"og:site_name\" content=\"Ysgol Caersws C.P. School\" \/>\n<meta property=\"article:modified_time\" content=\"2023-03-24T17:20:17+00:00\" \/>\n<meta property=\"og:image\" content=\"https:\/\/caersws.powys.sch.uk\/wp-content\/uploads\/0-1.jpg\" \/>\n\t<meta property=\"og:image:width\" content=\"474\" \/>\n\t<meta property=\"og:image:height\" content=\"172\" \/>\n\t<meta property=\"og:image:type\" content=\"image\/jpeg\" \/>\n<meta name=\"twitter:card\" content=\"summary_large_image\" \/>\n<meta name=\"twitter:label1\" content=\"Est. reading time\" \/>\n\t<meta name=\"twitter:data1\" content=\"2 funud\" \/>\n<script type=\"application\/ld+json\" class=\"yoast-schema-graph\">{\"@context\":\"https:\\\/\\\/schema.org\",\"@graph\":[{\"@type\":\"WebPage\",\"@id\":\"http:\\\/\\\/caersws.powys.sch.uk\\\/en\\\/attendance\\\/\",\"url\":\"http:\\\/\\\/caersws.powys.sch.uk\\\/en\\\/attendance\\\/\",\"name\":\"Attendance - Ysgol Caersws C.P. School\",\"isPartOf\":{\"@id\":\"http:\\\/\\\/caersws.powys.sch.uk\\\/en\\\/#website\"},\"primaryImageOfPage\":{\"@id\":\"http:\\\/\\\/caersws.powys.sch.uk\\\/en\\\/attendance\\\/#primaryimage\"},\"image\":{\"@id\":\"http:\\\/\\\/caersws.powys.sch.uk\\\/en\\\/attendance\\\/#primaryimage\"},\"thumbnailUrl\":\"https:\\\/\\\/caersws.powys.sch.uk\\\/wp-content\\\/uploads\\\/0-1.jpg\",\"datePublished\":\"2023-03-04T19:52:47+00:00\",\"dateModified\":\"2023-03-24T17:20:17+00:00\",\"breadcrumb\":{\"@id\":\"http:\\\/\\\/caersws.powys.sch.uk\\\/en\\\/attendance\\\/#breadcrumb\"},\"inLanguage\":\"cy\",\"potentialAction\":[{\"@type\":\"ReadAction\",\"target\":[\"http:\\\/\\\/caersws.powys.sch.uk\\\/en\\\/attendance\\\/\"]}]},{\"@type\":\"ImageObject\",\"inLanguage\":\"cy\",\"@id\":\"http:\\\/\\\/caersws.powys.sch.uk\\\/en\\\/attendance\\\/#primaryimage\",\"url\":\"https:\\\/\\\/caersws.powys.sch.uk\\\/wp-content\\\/uploads\\\/0-1.jpg\",\"contentUrl\":\"https:\\\/\\\/caersws.powys.sch.uk\\\/wp-content\\\/uploads\\\/0-1.jpg\",\"width\":474,\"height\":172},{\"@type\":\"BreadcrumbList\",\"@id\":\"http:\\\/\\\/caersws.powys.sch.uk\\\/en\\\/attendance\\\/#breadcrumb\",\"itemListElement\":[{\"@type\":\"ListItem\",\"position\":1,\"name\":\"Home\",\"item\":\"https:\\\/\\\/caersws.powys.sch.uk\\\/en\\\/\"},{\"@type\":\"ListItem\",\"position\":2,\"name\":\"Attendance\"}]},{\"@type\":\"WebSite\",\"@id\":\"http:\\\/\\\/caersws.powys.sch.uk\\\/en\\\/#website\",\"url\":\"http:\\\/\\\/caersws.powys.sch.uk\\\/en\\\/\",\"name\":\"Ysgol Caersws C.P. School\",\"description\":\"Developing the individual in a caring and challenging environment\",\"potentialAction\":[{\"@type\":\"SearchAction\",\"target\":{\"@type\":\"EntryPoint\",\"urlTemplate\":\"http:\\\/\\\/caersws.powys.sch.uk\\\/en\\\/?s={search_term_string}\"},\"query-input\":{\"@type\":\"PropertyValueSpecification\",\"valueRequired\":true,\"valueName\":\"search_term_string\"}}],\"inLanguage\":\"cy\"}]}<\/script>\n<!-- \/ Yoast SEO plugin. -->","yoast_head_json":{"title":"Presenoldeb - Ysgol GG Caersws","robots":{"index":"index","follow":"follow","max-snippet":"max-snippet:-1","max-image-preview":"max-image-preview:large","max-video-preview":"max-video-preview:-1"},"canonical":"http:\/\/caersws.powys.sch.uk\/cy\/attendance\/","og_locale":"en_US","og_type":"article","og_title":"Attendance - Ysgol Caersws C.P. School","og_description":"As a school, we see the importance of good school attendance. Good school attendance helps the life chances of children by developing healthy habits, improving progress and grades, and overall giving them a better chance of achieving their full potential. Learners that have excellent attendance also feel more connected to their peers, develop important social... Read more &raquo;","og_url":"http:\/\/caersws.powys.sch.uk\/cy\/attendance\/","og_site_name":"Ysgol Caersws C.P. School","article_modified_time":"2023-03-24T17:20:17+00:00","og_image":[{"width":474,"height":172,"url":"https:\/\/caersws.powys.sch.uk\/wp-content\/uploads\/0-1.jpg","type":"image\/jpeg"}],"twitter_card":"summary_large_image","twitter_misc":{"Est. reading time":"2 funud"},"schema":{"@context":"https:\/\/schema.org","@graph":[{"@type":"WebPage","@id":"http:\/\/caersws.powys.sch.uk\/en\/attendance\/","url":"http:\/\/caersws.powys.sch.uk\/en\/attendance\/","name":"Presenoldeb - Ysgol GG Caersws","isPartOf":{"@id":"http:\/\/caersws.powys.sch.uk\/en\/#website"},"primaryImageOfPage":{"@id":"http:\/\/caersws.powys.sch.uk\/en\/attendance\/#primaryimage"},"image":{"@id":"http:\/\/caersws.powys.sch.uk\/en\/attendance\/#primaryimage"},"thumbnailUrl":"https:\/\/caersws.powys.sch.uk\/wp-content\/uploads\/0-1.jpg","datePublished":"2023-03-04T19:52:47+00:00","dateModified":"2023-03-24T17:20:17+00:00","breadcrumb":{"@id":"http:\/\/caersws.powys.sch.uk\/en\/attendance\/#breadcrumb"},"inLanguage":"cy","potentialAction":[{"@type":"ReadAction","target":["http:\/\/caersws.powys.sch.uk\/en\/attendance\/"]}]},{"@type":"ImageObject","inLanguage":"cy","@id":"http:\/\/caersws.powys.sch.uk\/en\/attendance\/#primaryimage","url":"https:\/\/caersws.powys.sch.uk\/wp-content\/uploads\/0-1.jpg","contentUrl":"https:\/\/caersws.powys.sch.uk\/wp-content\/uploads\/0-1.jpg","width":474,"height":172},{"@type":"BreadcrumbList","@id":"http:\/\/caersws.powys.sch.uk\/en\/attendance\/#breadcrumb","itemListElement":[{"@type":"ListItem","position":1,"name":"Home","item":"https:\/\/caersws.powys.sch.uk\/en\/"},{"@type":"ListItem","position":2,"name":"Attendance"}]},{"@type":"WebSite","@id":"http:\/\/caersws.powys.sch.uk\/en\/#website","url":"http:\/\/caersws.powys.sch.uk\/en\/","name":"Ysgol Caersws C.P. School","description":"Datblygu\u2019r unigolyn mewn amgylchedd gofalgar a heriol","potentialAction":[{"@type":"SearchAction","target":{"@type":"EntryPoint","urlTemplate":"http:\/\/caersws.powys.sch.uk\/en\/?s={search_term_string}"},"query-input":{"@type":"PropertyValueSpecification","valueRequired":true,"valueName":"search_term_string"}}],"inLanguage":"cy"}]}},"_links":{"self":[{"href":"https:\/\/caersws.powys.sch.uk\/cy\/wp-json\/wp\/v2\/pages\/1037","targetHints":{"allow":["GET"]}}],"collection":[{"href":"https:\/\/caersws.powys.sch.uk\/cy\/wp-json\/wp\/v2\/pages"}],"about":[{"href":"https:\/\/caersws.powys.sch.uk\/cy\/wp-json\/wp\/v2\/types\/page"}],"author":[{"embeddable":true,"href":"https:\/\/caersws.powys.sch.uk\/cy\/wp-json\/wp\/v2\/users\/8"}],"replies":[{"embeddable":true,"href":"https:\/\/caersws.powys.sch.uk\/cy\/wp-json\/wp\/v2\/comments?post=1037"}],"version-history":[{"count":3,"href":"https:\/\/caersws.powys.sch.uk\/cy\/wp-json\/wp\/v2\/pages\/1037\/revisions"}],"predecessor-version":[{"id":1202,"href":"https:\/\/caersws.powys.sch.uk\/cy\/wp-json\/wp\/v2\/pages\/1037\/revisions\/1202"}],"wp:featuredmedia":[{"embeddable":true,"href":"https:\/\/caersws.powys.sch.uk\/cy\/wp-json\/wp\/v2\/media\/1038"}],"wp:attachment":[{"href":"https:\/\/caersws.powys.sch.uk\/cy\/wp-json\/wp\/v2\/media?parent=1037"}],"curies":[{"name":"wp","href":"https:\/\/api.w.org\/{rel}","templated":true}]}}